{"id":5343,"date":"2023-12-07T16:10:08","date_gmt":"2023-12-07T15:10:08","guid":{"rendered":"https:\/\/whatakant.com\/?post_type=product&#038;p=5343"},"modified":"2025-05-03T15:19:55","modified_gmt":"2025-05-03T13:19:55","slug":"sumoringer-chopsticks-gold","status":"publish","type":"product","link":"https:\/\/whatakant.com\/en\/shop\/sumoringer-chopsticks-gold\/","title":{"rendered":"Sumoringer Chopsticks Gold"},"content":{"rendered":"<p>Unsere Sumoringer sind die ultimativen Ess-Utensilien f\u00fcr hungrige K\u00e4mpfer. Diese starken St\u00e4bchen schnappen sich jeden Bissen mit der Kraft eines Sumoringers!!<\/p>","protected":false},"excerpt":{"rendered":"<p>Diese nachhaltigen, wiederverwendbaren Sumoringer Chopsticks sind dein ultimativer Begleiter f\u00fcr die k\u00f6stlichsten Schlachten am Esstisch. Die Sumoringer sind nachhaltige, wiederverwendbare Edelstahl-St\u00e4bchen und k\u00f6nnen f\u00fcr jede Art von Gericht genutzt werden. Durch das dazugeh\u00f6rige Samts\u00e4ckchen eignen sich die Chopsticks auch perfekt als Geschenk.<\/p>","protected":false},"featured_media":5350,"template":"","meta":[],"product_brand":[],"product_cat":[94,93],"product_tag":[],"class_list":{"0":"post-5343","1":"product","2":"type-product","3":"status-publish","4":"has-post-thumbnail","6":"product_cat-sets","7":"product_cat-zubehoer","9":"first","10":"instock","11":"sale","12":"taxable","13":"shipping-taxable","14":"purchasable","15":"product-type-simple"},"_links":{"self":[{"href":"https:\/\/whatakant.com\/en\/wp-json\/wp\/v2\/product\/5343","targetHints":{"allow":["GET"]}}],"collection":[{"href":"https:\/\/whatakant.com\/en\/wp-json\/wp\/v2\/product"}],"about":[{"href":"https:\/\/whatakant.com\/en\/wp-json\/wp\/v2\/types\/product"}],"wp:featuredmedia":[{"embeddable":true,"href":"https:\/\/whatakant.com\/en\/wp-json\/wp\/v2\/media\/5350"}],"wp:attachment":[{"href":"https:\/\/whatakant.com\/en\/wp-json\/wp\/v2\/media?parent=5343"}],"wp:term":[{"taxonomy":"product_brand","embeddable":true,"href":"https:\/\/whatakant.com\/en\/wp-json\/wp\/v2\/product_brand?post=5343"},{"taxonomy":"product_cat","embeddable":true,"href":"https:\/\/whatakant.com\/en\/wp-json\/wp\/v2\/product_cat?post=5343"},{"taxonomy":"product_tag","embeddable":true,"href":"https:\/\/whatakant.com\/en\/wp-json\/wp\/v2\/product_tag?post=5343"}],"curies":[{"name":"wp","href":"https:\/\/api.w.org\/{rel}","templated":true}]}}