{"id":4860,"date":"2021-10-20T00:15:40","date_gmt":"2021-10-19T22:15:40","guid":{"rendered":"https:\/\/whatakant.com\/?post_type=product&#038;p=4860"},"modified":"2025-12-18T20:17:26","modified_gmt":"2025-12-18T19:17:26","slug":"beaufort-ten","status":"publish","type":"product","link":"https:\/\/whatakant.com\/en\/shop\/beaufort-ten\/","title":{"rendered":"Beaufort Ten"},"content":{"rendered":"","protected":false},"excerpt":{"rendered":"<p>Warum 1, wenn man 2 haben kann? Mit der Gro\u00dfschot habt Ihr alles richtig gemacht, wenn Ihr bei Eurem n\u00e4chtsten Date mit Stil und Eleganz \u00fcberzeugen wollt. Cooles Feature hier: unsere kantige, wiederverwendbare Verpackung gibt es im Doppelpack. Wenn das mal nicht verlockend ist!<\/p>\n<p>#sharingiscaring #sexonthebeachapproved<\/p>","protected":false},"featured_media":5053,"template":"","meta":[],"product_brand":[],"product_cat":[15,94],"product_tag":[],"class_list":{"0":"post-4860","1":"product","2":"type-product","3":"status-publish","4":"has-post-thumbnail","6":"product_cat-mugs","7":"product_cat-sets","9":"first","10":"instock","11":"sale","12":"taxable","13":"shipping-taxable","14":"purchasable","15":"product-type-simple"},"_links":{"self":[{"href":"https:\/\/whatakant.com\/en\/wp-json\/wp\/v2\/product\/4860","targetHints":{"allow":["GET"]}}],"collection":[{"href":"https:\/\/whatakant.com\/en\/wp-json\/wp\/v2\/product"}],"about":[{"href":"https:\/\/whatakant.com\/en\/wp-json\/wp\/v2\/types\/product"}],"wp:featuredmedia":[{"embeddable":true,"href":"https:\/\/whatakant.com\/en\/wp-json\/wp\/v2\/media\/5053"}],"wp:attachment":[{"href":"https:\/\/whatakant.com\/en\/wp-json\/wp\/v2\/media?parent=4860"}],"wp:term":[{"taxonomy":"product_brand","embeddable":true,"href":"https:\/\/whatakant.com\/en\/wp-json\/wp\/v2\/product_brand?post=4860"},{"taxonomy":"product_cat","embeddable":true,"href":"https:\/\/whatakant.com\/en\/wp-json\/wp\/v2\/product_cat?post=4860"},{"taxonomy":"product_tag","embeddable":true,"href":"https:\/\/whatakant.com\/en\/wp-json\/wp\/v2\/product_tag?post=4860"}],"curies":[{"name":"wp","href":"https:\/\/api.w.org\/{rel}","templated":true}]}}