{"id":4859,"date":"2021-10-20T17:59:57","date_gmt":"2021-10-20T15:59:57","guid":{"rendered":"https:\/\/whatakant.com\/?post_type=product&#038;p=4859"},"modified":"2026-04-07T13:50:01","modified_gmt":"2026-04-07T11:50:01","slug":"der-poolside","status":"publish","type":"product","link":"https:\/\/whatakant.com\/en\/shop\/der-poolside\/","title":{"rendered":"Der Poolside"},"content":{"rendered":"","protected":false},"excerpt":{"rendered":"<p>Warum 1, wenn man 2 haben kann? Mit der Gro\u00dfschot habt Ihr alles richtig gemacht, wenn Ihr bei Eurem n\u00e4chtsten Date mit Stil und Eleganz \u00fcberzeugen wollt. Cooles Feature hier: die wiederverwendbare Verpackung. Wenn das mal nicht verlockend ist!<\/p>\n<p>#sharingiscaring #sexonthebeachapproved<\/p>","protected":false},"featured_media":5052,"template":"","meta":[],"product_brand":[],"product_cat":[15,94],"product_tag":[],"class_list":{"0":"post-4859","1":"product","2":"type-product","3":"status-publish","4":"has-post-thumbnail","6":"product_cat-mugs","7":"product_cat-sets","9":"first","10":"instock","11":"sale","12":"taxable","13":"shipping-taxable","14":"purchasable","15":"product-type-simple"},"_links":{"self":[{"href":"https:\/\/whatakant.com\/en\/wp-json\/wp\/v2\/product\/4859","targetHints":{"allow":["GET"]}}],"collection":[{"href":"https:\/\/whatakant.com\/en\/wp-json\/wp\/v2\/product"}],"about":[{"href":"https:\/\/whatakant.com\/en\/wp-json\/wp\/v2\/types\/product"}],"wp:featuredmedia":[{"embeddable":true,"href":"https:\/\/whatakant.com\/en\/wp-json\/wp\/v2\/media\/5052"}],"wp:attachment":[{"href":"https:\/\/whatakant.com\/en\/wp-json\/wp\/v2\/media?parent=4859"}],"wp:term":[{"taxonomy":"product_brand","embeddable":true,"href":"https:\/\/whatakant.com\/en\/wp-json\/wp\/v2\/product_brand?post=4859"},{"taxonomy":"product_cat","embeddable":true,"href":"https:\/\/whatakant.com\/en\/wp-json\/wp\/v2\/product_cat?post=4859"},{"taxonomy":"product_tag","embeddable":true,"href":"https:\/\/whatakant.com\/en\/wp-json\/wp\/v2\/product_tag?post=4859"}],"curies":[{"name":"wp","href":"https:\/\/api.w.org\/{rel}","templated":true}]}}