{"id":3030,"date":"2020-02-20T23:17:48","date_gmt":"2020-02-20T23:17:48","guid":{"rendered":"https:\/\/whatakant.com\/?post_type=product&#038;p=3030"},"modified":"2025-07-21T06:43:31","modified_gmt":"2025-07-21T04:43:31","slug":"flying-dutchman","status":"publish","type":"product","link":"https:\/\/whatakant.com\/en\/shop\/flying-dutchman\/","title":{"rendered":"Flying Dutchman"},"content":{"rendered":"","protected":false},"excerpt":{"rendered":"<p>Ihr plant bei Euch zu Hause ein nettes Sit-In und wollt stilvoll mit Euren G\u00e4sten ein paar Cocktails schl\u00fcrfen? Bitte sehr: daf\u00fcr ist das Flying Dutchman quasi pr\u00e4destiniert! Mit dem Flying Dutchman sind Deinem Abend keine Limits gesetzt. Denn auch hier zeigt sich wieder: Es kommt immer auf die Gr\u00f6\u00dfe und Menge an!<\/p>\n<p>#4life #4gewinnt<\/p>","protected":false},"featured_media":3709,"template":"","meta":[],"product_brand":[],"product_cat":[15,94],"product_tag":[],"class_list":{"0":"post-3030","1":"product","2":"type-product","3":"status-publish","4":"has-post-thumbnail","6":"product_cat-mugs","7":"product_cat-sets","9":"first","10":"outofstock","11":"sale","12":"sold-individually","13":"taxable","14":"shipping-taxable","15":"purchasable","16":"product-type-simple"},"_links":{"self":[{"href":"https:\/\/whatakant.com\/en\/wp-json\/wp\/v2\/product\/3030","targetHints":{"allow":["GET"]}}],"collection":[{"href":"https:\/\/whatakant.com\/en\/wp-json\/wp\/v2\/product"}],"about":[{"href":"https:\/\/whatakant.com\/en\/wp-json\/wp\/v2\/types\/product"}],"wp:featuredmedia":[{"embeddable":true,"href":"https:\/\/whatakant.com\/en\/wp-json\/wp\/v2\/media\/3709"}],"wp:attachment":[{"href":"https:\/\/whatakant.com\/en\/wp-json\/wp\/v2\/media?parent=3030"}],"wp:term":[{"taxonomy":"product_brand","embeddable":true,"href":"https:\/\/whatakant.com\/en\/wp-json\/wp\/v2\/product_brand?post=3030"},{"taxonomy":"product_cat","embeddable":true,"href":"https:\/\/whatakant.com\/en\/wp-json\/wp\/v2\/product_cat?post=3030"},{"taxonomy":"product_tag","embeddable":true,"href":"https:\/\/whatakant.com\/en\/wp-json\/wp\/v2\/product_tag?post=3030"}],"curies":[{"name":"wp","href":"https:\/\/api.w.org\/{rel}","templated":true}]}}