{"id":4542,"date":"2020-09-16T16:09:05","date_gmt":"2020-09-16T16:09:05","guid":{"rendered":"https:\/\/whatakant.com\/?page_id=4542"},"modified":"2020-09-16T16:55:28","modified_gmt":"2020-09-16T16:55:28","slug":"ruecksendung","status":"publish","type":"page","link":"https:\/\/whatakant.com\/en\/ruecksendung\/","title":{"rendered":"Returns"},"content":{"rendered":"<p>If you are not satisfied with the product you have purchased, you can make use of your right of withdrawal and return the product. If you want to make use of your right of withdrawal, please use the following return form and send the product back to us within 14 days.<\/p>\n<p><a href=\"https:\/\/whatakant.com\/wp-content\/uploads\/2020\/09\/Ruecksendeformular.pdf\">Here<\/a> you can download the return form.<\/p>\n<p>Please send the returns only to the following address: <\/p>\n<p>whatakant UG (haftungsbeschr\u00e4nkt)<br \/>\nEichelh\u00e4herstieg 15<br \/>\n22397 Hamburg<\/p>\n<p>The customer has to carry the full costs for the return of the order. If a refund is desired, please return the goods to us in the original condition with a short message in the package that we may refund the money. Refunds are usually made to the payment method used for the order. For cash in advance payments, please provide your bank account details for the refund.<\/p>","protected":false},"excerpt":{"rendered":"<p>Wenn Du mit dem erworbenen Artikel nicht zufrieden bist, kannst du in diesem Fall von Deinem R\u00fcckgaberecht Gebrauch machen und den Artikel zur\u00fccksenden. Wenn Du von Deinem R\u00fcckgaberecht Gebrauch machen m\u00f6chtest, verwende bitte den folgenden R\u00fccksendebegleitschein und sende die Ware innerhalb von 14 Tagen an uns zur\u00fcck. Hier kannst du dir den R\u00fccksendebegleitschein downloaden. Die [&hellip;]<\/p>","protected":false},"author":1,"featured_media":0,"parent":0,"menu_order":0,"comment_status":"closed","ping_status":"closed","template":"","meta":{"footnotes":""},"class_list":["post-4542","page","type-page","status-publish","hentry"],"_links":{"self":[{"href":"https:\/\/whatakant.com\/en\/wp-json\/wp\/v2\/pages\/4542","targetHints":{"allow":["GET"]}}],"collection":[{"href":"https:\/\/whatakant.com\/en\/wp-json\/wp\/v2\/pages"}],"about":[{"href":"https:\/\/whatakant.com\/en\/wp-json\/wp\/v2\/types\/page"}],"author":[{"embeddable":true,"href":"https:\/\/whatakant.com\/en\/wp-json\/wp\/v2\/users\/1"}],"replies":[{"embeddable":true,"href":"https:\/\/whatakant.com\/en\/wp-json\/wp\/v2\/comments?post=4542"}],"version-history":[{"count":5,"href":"https:\/\/whatakant.com\/en\/wp-json\/wp\/v2\/pages\/4542\/revisions"}],"predecessor-version":[{"id":4553,"href":"https:\/\/whatakant.com\/en\/wp-json\/wp\/v2\/pages\/4542\/revisions\/4553"}],"wp:attachment":[{"href":"https:\/\/whatakant.com\/en\/wp-json\/wp\/v2\/media?parent=4542"}],"curies":[{"name":"wp","href":"https:\/\/api.w.org\/{rel}","templated":true}]}}