{"id":2970,"date":"2020-02-20T00:32:25","date_gmt":"2020-02-20T00:32:25","guid":{"rendered":"https:\/\/whatakant.com\/widerruf"},"modified":"2020-10-01T19:37:23","modified_gmt":"2020-10-01T19:37:23","slug":"widerrufsrecht","status":"publish","type":"page","link":"https:\/\/whatakant.com\/en\/widerrufsrecht\/","title":{"rendered":"Right Of Withdrawal"},"content":{"rendered":"<div class=\"wpb-content-wrapper\"><div class=\"vc_row wpb_row vc_row-fluid\"><div class=\"wpb_column vc_column_container vc_col-sm-12\"><div class=\"vc_column-inner\"><div class=\"wpb_wrapper\">\n\t<div class=\"wpb_text_column wpb_content_element\" >\n\t\t<div class=\"wpb_wrapper\">\n\t\t\t<p><span style=\"color: #ffffff;\"><strong>Right Of Withdrawal<\/strong><\/span><br \/>\n<span style=\"color: #ffffff;\">You have the right to withdraw from this contract within 14 days without giving any reason. The withdrawal period will expire after 14 days from the day on which you acquire, or a third party other than the carrier and indicated by you acquires, physical possession of the goods.<\/span><\/p>\n<p><span style=\"color: #ffffff;\">In order to make use of your right of withdrawal, you must let us (whatakant UG (haftungsbeschr\u00e4nkt), Eichelh\u00e4herstieg 15, 22397 Hamburg, Telefon: 040 228 544 42, ruecksendung@whatakant.com) know about your decision to withdraw from this contract by means of a clear statement (e.g. a letter, fax or e-mail sent by post). You may use the attached model withdrawal form, but it is not obligatory.<\/span><\/p>\n<p><span style=\"color: #ffffff;\">To meet the withdrawal deadline, it is sufficient for you to send your communication concerning your exercise of the right of withdrawal before the withdrawal period has expired.<\/span><\/p>\n<p><span style=\"color: #ffffff;\"><strong>Effects of withdrawal<\/strong><\/span><br \/>\n<span style=\"color: #ffffff;\">If you withdraw from this contract, we shall reimburse to you all payments received from you, including the costs of delivery (with the exception of the supplementary costs resultingfrom your choice of a type of delivery other than the least expensive type of standard delivery offered by us), without undue delay and in any event not later than 14 days from the day on which we are informed about your decision to withdraw from this contract. We will carry out such reimbursement using the same means of payment as you used for the initial transaction, unless you have expressly agreed otherwise; in any event, you will not incur any fees as a result of such reimbursement.<\/span><span style=\"color: #ffffff;\"> We may withhold reimbursement until we have received the goods back or you have supplied evidence of having sent back the goods, whichever is the earliest.<\/span><\/p>\n<p><span style=\"color: #ffffff;\">You shall send back the goods or hand them over to us, without undue delay and in any event not later than 14 days from the day on which you communicate your withdrawal from this contract to us. The deadline is met if you send back the goods before the period of 14 days has expired.<\/span><span style=\"color: #ffffff;\"> Please note you are still responsible for the full shipping cost and return cost of postage and packaging.<\/span><span style=\"color: #ffffff;\"> You shall only be liable for any loss of value of the goods if this loss of value is due to handling of the goods which is not necessary for testing the nature, properties and functioning of the goods.<\/span><\/p>\n<p><span style=\"color: #ffffff;\"><strong>Sample of withdrawal form<\/strong><\/span><br \/>\n<span style=\"color: #ffffff;\">(If you should choose to withdraw from the contract, please fill out this form and send it back to us.)<\/span><\/p>\n<p><span style=\"color: #ffffff;\">To<\/span><br \/>\n<span style=\"color: #ffffff;\">whatakant UG (haftungsbeschr\u00e4nkt)<\/span><br \/>\n<span style=\"color: #ffffff;\">Eichelh\u00e4herstieg 15<\/span><br \/>\n<span style=\"color: #ffffff;\">22397 Hamburg<\/span><br \/>\n<span style=\"color: #ffffff;\">ruecksendung@whatakant.com<\/span><\/p>\n<p><span style=\"color: #ffffff;\">I\/We (*) hereby give notice that I\/We (*) withdraw from my\/our (*) contract of sale of the following goods (*)\/for the provision of the following service (*)<\/span><br \/>\n<span style=\"color: #ffffff;\">- Ordered on (*)\/received on (*)<\/span><br \/>\n<span style=\"color: #ffffff;\">- Name of consumer(s)<\/span><br \/>\n<span style=\"color: #ffffff;\">- Address of consumer(s)<\/span><br \/>\n<span style=\"color: #ffffff;\">- Date<\/span><br \/>\n<span style=\"color: #ffffff;\">- Signature of consumer(s) (only if this form is notified on paper)<\/span><br \/>\n<span style=\"color: #ffffff;\">&#8212;&#8212;&#8212;&#8212;&#8212;&#8212;&#8212;&#8212;&#8212;&#8212;&#8212;&#8212;&#8212;<\/span><br \/>\n<span style=\"color: #ffffff;\">(*) Delete as appropriate.<\/span><\/p>\n\n\t\t<\/div>\n\t<\/div>\n<\/div><\/div><\/div><\/div>\n<\/div>","protected":false},"excerpt":{"rendered":"Widerrufsrecht Du hast das Recht, binnen vierzehn Tagen ohne Angabe von Gr\u00fcnden diesen Vertrag zu widerrufen. Die Widerrufsfrist betr\u00e4gt vierzehn Tage ab dem Tag, an dem Du oder ein von Dir benannter Dritter, der nicht der Bef\u00f6rderer ist, die Waren in Besitz genommen haben bzw. hat. Um Dein Widerrufsrecht auszu\u00fcben, musst Du uns (whatakant UG [...]","protected":false},"author":1,"featured_media":0,"parent":0,"menu_order":0,"comment_status":"closed","ping_status":"closed","template":"","meta":{"footnotes":""},"class_list":["post-2970","page","type-page","status-publish","hentry"],"_links":{"self":[{"href":"https:\/\/whatakant.com\/en\/wp-json\/wp\/v2\/pages\/2970","targetHints":{"allow":["GET"]}}],"collection":[{"href":"https:\/\/whatakant.com\/en\/wp-json\/wp\/v2\/pages"}],"about":[{"href":"https:\/\/whatakant.com\/en\/wp-json\/wp\/v2\/types\/page"}],"author":[{"embeddable":true,"href":"https:\/\/whatakant.com\/en\/wp-json\/wp\/v2\/users\/1"}],"replies":[{"embeddable":true,"href":"https:\/\/whatakant.com\/en\/wp-json\/wp\/v2\/comments?post=2970"}],"version-history":[{"count":6,"href":"https:\/\/whatakant.com\/en\/wp-json\/wp\/v2\/pages\/2970\/revisions"}],"predecessor-version":[{"id":4597,"href":"https:\/\/whatakant.com\/en\/wp-json\/wp\/v2\/pages\/2970\/revisions\/4597"}],"wp:attachment":[{"href":"https:\/\/whatakant.com\/en\/wp-json\/wp\/v2\/media?parent=2970"}],"curies":[{"name":"wp","href":"https:\/\/api.w.org\/{rel}","templated":true}]}}