{"id":2968,"date":"2020-02-20T00:32:25","date_gmt":"2020-02-20T00:32:25","guid":{"rendered":"https:\/\/whatakant.com\/impressum"},"modified":"2025-05-03T19:17:13","modified_gmt":"2025-05-03T17:17:13","slug":"impressum","status":"publish","type":"page","link":"https:\/\/whatakant.com\/en\/impressum\/","title":{"rendered":"Imprint"},"content":{"rendered":"<div class=\"wpb-content-wrapper\"><div class=\"vc_row wpb_row vc_row-fluid\"><div class=\"wpb_column vc_column_container vc_col-sm-12\"><div class=\"vc_column-inner\"><div class=\"wpb_wrapper\">\n\t<div class=\"wpb_text_column wpb_content_element\" >\n\t\t<div class=\"wpb_wrapper\">\n\t\t\t<p>whatakant UG (haftungsbeschr\u00e4nkt)<br \/>Eichelh\u00e4herstieg 15<br \/>22397 Hamburg<\/p>\n<p>Telefonnummer: 040 228 544 42 (nur AB)<br \/>E-Mail: info@whatakant.com<br \/>Internet: https:\/\/whatakant.com<\/p>\n<p>Amtsgericht Hamburg: HRB 158823<br \/>diese wird vertreten durch den Gesch\u00e4ftsf\u00fchrer:<br \/>Dominic Wibisono<\/p>\n<p>Umsatzsteuer-Identifikationsnummer (VAT identification number) according to \u00a727a of the Umsatzsteuergesetz (UStG, Sales Tax Law): DE 326878976<\/p>\n<p>Plattform der Europ\u00e4ischen Kommission zur Online-Streitbeilegung (OS) f\u00fcr Verbraucher:<br \/>https:\/\/ec.europa.eu\/consumers\/odr\/.<\/p>\n<p>We are neither willing nor obliged to participate in dispute resolution proceedings in front of a<br \/>consumer arbitration service.<\/p>\n<p>\u00a0<\/p>\n\n\t\t<\/div>\n\t<\/div>\n<\/div><\/div><\/div><\/div><\/div>","protected":false},"excerpt":{"rendered":"whatakant UG (haftungsbeschr\u00e4nkt)Eichelh\u00e4herstieg 1522397 Hamburg Telefonnummer: 040 228 544 42 (nur AB)E-Mail: info@whatakant.comInternet: https:\/\/whatakant.com Amtsgericht Hamburg: HRB 158823diese wird vertreten durch den Gesch\u00e4ftsf\u00fchrer:Dominic Wibisono Umsatzsteuer-Identifikationsnummer gem\u00e4\u00df \u00a7 27a Umsatzsteuergesetz (UStG): DE 326878976 Plattform der Europ\u00e4ischen Kommission zur Online-Streitbeilegung (OS) f\u00fcr Verbraucher:https:\/\/ec.europa.eu\/consumers\/odr\/. Wir sind nicht bereit und nicht verpflichtet an einem Streitbeilegungsverfahren vor einerVerbraucherschlichtungsstelle teilzunehmen. \u00a0","protected":false},"author":1,"featured_media":0,"parent":0,"menu_order":0,"comment_status":"closed","ping_status":"closed","template":"","meta":{"footnotes":""},"class_list":["post-2968","page","type-page","status-publish","hentry"],"_links":{"self":[{"href":"https:\/\/whatakant.com\/en\/wp-json\/wp\/v2\/pages\/2968","targetHints":{"allow":["GET"]}}],"collection":[{"href":"https:\/\/whatakant.com\/en\/wp-json\/wp\/v2\/pages"}],"about":[{"href":"https:\/\/whatakant.com\/en\/wp-json\/wp\/v2\/types\/page"}],"author":[{"embeddable":true,"href":"https:\/\/whatakant.com\/en\/wp-json\/wp\/v2\/users\/1"}],"replies":[{"embeddable":true,"href":"https:\/\/whatakant.com\/en\/wp-json\/wp\/v2\/comments?post=2968"}],"version-history":[{"count":12,"href":"https:\/\/whatakant.com\/en\/wp-json\/wp\/v2\/pages\/2968\/revisions"}],"predecessor-version":[{"id":5701,"href":"https:\/\/whatakant.com\/en\/wp-json\/wp\/v2\/pages\/2968\/revisions\/5701"}],"wp:attachment":[{"href":"https:\/\/whatakant.com\/en\/wp-json\/wp\/v2\/media?parent=2968"}],"curies":[{"name":"wp","href":"https:\/\/api.w.org\/{rel}","templated":true}]}}